{"id":7509,"date":"2021-11-25T15:00:54","date_gmt":"2021-11-25T14:00:54","guid":{"rendered":"https:\/\/staging.selstad.snitt.demo1.no\/products\/aquaculture\/rings\/"},"modified":"2022-02-03T13:05:32","modified_gmt":"2022-02-03T12:05:32","slug":"rings","status":"publish","type":"page","link":"https:\/\/selstad.no\/en\/products\/aquaculture\/rings\/","title":{"rendered":"Rings"},"content":{"rendered":"\t\t<div data-elementor-type=\"wp-page\" data-elementor-id=\"7509\" class=\"elementor elementor-7509 elementor-38\" data-elementor-post-type=\"page\">\n\t\t\t\t\t\t<section class=\"elementor-section elementor-top-section elementor-element elementor-element-4935bbc8 elementor-section-boxed elementor-section-height-default elementor-section-height-default\" data-id=\"4935bbc8\" data-element_type=\"section\" data-e-type=\"section\" data-settings=\"{&quot;background_background&quot;:&quot;classic&quot;}\">\n\t\t\t\t\t\t<div class=\"elementor-container elementor-column-gap-wider\">\n\t\t\t\t\t<div class=\"elementor-column elementor-col-33 elementor-top-column elementor-element elementor-element-23df67a5 elementor-invisible\" data-id=\"23df67a5\" data-element_type=\"column\" data-e-type=\"column\" data-settings=\"{&quot;animation&quot;:&quot;fadeInUp&quot;}\">\n\t\t\t<div class=\"elementor-widget-wrap elementor-element-populated\">\n\t\t\t\t\t\t<div class=\"elementor-element elementor-element-6ef1470 elementor-icon-list--layout-traditional elementor-list-item-link-full_width elementor-widget elementor-widget-icon-list\" data-id=\"6ef1470\" data-element_type=\"widget\" data-e-type=\"widget\" data-widget_type=\"icon-list.default\">\n\t\t\t\t<div class=\"elementor-widget-container\">\n\t\t\t\t\t\t\t<ul class=\"elementor-icon-list-items\">\n\t\t\t\t\t\t\t<li class=\"elementor-icon-list-item\">\n\t\t\t\t\t\t\t\t\t\t\t<a href=\"#robusteringer\">\n\n\t\t\t\t\t\t\t\t\t\t\t\t<span class=\"elementor-icon-list-icon\">\n\t\t\t\t\t\t\t<i aria-hidden=\"true\" class=\"fas fa-arrow-right\"><\/i>\t\t\t\t\t\t<\/span>\n\t\t\t\t\t\t\t\t\t\t<span class=\"elementor-icon-list-text\">Robust rings<\/span>\n\t\t\t\t\t\t\t\t\t\t\t<\/a>\n\t\t\t\t\t\t\t\t\t<\/li>\n\t\t\t\t\t\t\t\t<li class=\"elementor-icon-list-item\">\n\t\t\t\t\t\t\t\t\t\t\t<a href=\"#solid\">\n\n\t\t\t\t\t\t\t\t\t\t\t\t<span class=\"elementor-icon-list-icon\">\n\t\t\t\t\t\t\t<i aria-hidden=\"true\" class=\"fas fa-arrow-right\"><\/i>\t\t\t\t\t\t<\/span>\n\t\t\t\t\t\t\t\t\t\t<span class=\"elementor-icon-list-text\">Sturdy construction<\/span>\n\t\t\t\t\t\t\t\t\t\t\t<\/a>\n\t\t\t\t\t\t\t\t\t<\/li>\n\t\t\t\t\t\t\t\t<li class=\"elementor-icon-list-item\">\n\t\t\t\t\t\t\t\t\t\t\t<a href=\"#forhoyet\">\n\n\t\t\t\t\t\t\t\t\t\t\t\t<span class=\"elementor-icon-list-icon\">\n\t\t\t\t\t\t\t<i aria-hidden=\"true\" class=\"fas fa-arrow-right\"><\/i>\t\t\t\t\t\t<\/span>\n\t\t\t\t\t\t\t\t\t\t<span class=\"elementor-icon-list-text\">Elevated walkway<\/span>\n\t\t\t\t\t\t\t\t\t\t\t<\/a>\n\t\t\t\t\t\t\t\t\t<\/li>\n\t\t\t\t\t\t<\/ul>\n\t\t\t\t\t\t<\/div>\n\t\t\t\t<\/div>\n\t\t\t\t\t<\/div>\n\t\t<\/div>\n\t\t\t\t<div class=\"elementor-column elementor-col-66 elementor-top-column elementor-element elementor-element-e8a0c62 elementor-invisible\" data-id=\"e8a0c62\" data-element_type=\"column\" data-e-type=\"column\" data-settings=\"{&quot;animation&quot;:&quot;fadeInUp&quot;}\">\n\t\t\t<div class=\"elementor-widget-wrap elementor-element-populated\">\n\t\t\t\t\t\t<div class=\"elementor-element elementor-element-730e157c elementor-widget elementor-widget-text-editor\" data-id=\"730e157c\" data-element_type=\"widget\" data-e-type=\"widget\" data-widget_type=\"text-editor.default\">\n\t\t\t\t<div class=\"elementor-widget-container\">\n\t\t\t\t\t\t\t\t\t<p>In co-operation with Norwegian fish farmers, Preplast has developed sea cages and hamster wheels for unsheltered conditions along the Norwegian coast.<\/p>\n\t\t\t\t\t\t\t\t<\/div>\n\t\t\t\t<\/div>\n\t\t\t\t\t<\/div>\n\t\t<\/div>\n\t\t\t\t\t<\/div>\n\t\t<\/section>\n\t\t\t\t<section class=\"elementor-section elementor-top-section elementor-element elementor-element-15e65aad elementor-section-boxed elementor-section-height-default elementor-section-height-default\" data-id=\"15e65aad\" data-element_type=\"section\" data-e-type=\"section\" id=\"robusteringer\" data-settings=\"{&quot;background_background&quot;:&quot;classic&quot;}\">\n\t\t\t\t\t\t<div class=\"elementor-container elementor-column-gap-wider\">\n\t\t\t\t\t<div class=\"elementor-column elementor-col-50 elementor-top-column elementor-element elementor-element-3cf871b9 elementor-invisible\" data-id=\"3cf871b9\" data-element_type=\"column\" data-e-type=\"column\" data-settings=\"{&quot;animation&quot;:&quot;fadeInUp&quot;}\">\n\t\t\t<div class=\"elementor-widget-wrap elementor-element-populated\">\n\t\t\t\t\t\t<div class=\"elementor-element elementor-element-58bb59a4 elementor-widget elementor-widget-image\" data-id=\"58bb59a4\" data-element_type=\"widget\" data-e-type=\"widget\" data-widget_type=\"image.default\">\n\t\t\t\t<div class=\"elementor-widget-container\">\n\t\t\t\t\t\t\t\t\t\t\t\t\t\t\t<img fetchpriority=\"high\" decoding=\"async\" width=\"650\" height=\"450\" src=\"https:\/\/selstad.no\/wp-content\/uploads\/2021\/11\/Preplast-1.png\" class=\"attachment-full size-full wp-image-7297\" alt=\"\" srcset=\"https:\/\/selstad.no\/wp-content\/uploads\/2021\/11\/Preplast-1.png 650w, https:\/\/selstad.no\/wp-content\/uploads\/2021\/11\/Preplast-1-400x277.png 400w, https:\/\/selstad.no\/wp-content\/uploads\/2021\/11\/Preplast-1-217x150.png 217w\" sizes=\"(max-width: 650px) 100vw, 650px\" \/>\t\t\t\t\t\t\t\t\t\t\t\t\t\t\t<\/div>\n\t\t\t\t<\/div>\n\t\t\t\t\t<\/div>\n\t\t<\/div>\n\t\t\t\t<div class=\"elementor-column elementor-col-50 elementor-top-column elementor-element elementor-element-8f4784b elementor-invisible\" data-id=\"8f4784b\" data-element_type=\"column\" data-e-type=\"column\" data-settings=\"{&quot;animation&quot;:&quot;fadeInUp&quot;}\">\n\t\t\t<div class=\"elementor-widget-wrap elementor-element-populated\">\n\t\t\t\t\t\t<div class=\"elementor-element elementor-element-6630a716 elementor-widget elementor-widget-text-editor\" data-id=\"6630a716\" data-element_type=\"widget\" data-e-type=\"widget\" data-widget_type=\"text-editor.default\">\n\t\t\t\t<div class=\"elementor-widget-container\">\n\t\t\t\t\t\t\t\t\t<h2>Robust rings for fish farmers of the future<\/h2>\n<p>Selstad, with several decades of experience in Norwegian aquaculture and as a co-owner of Preplast, will be involved in developing robust sea cages for fish farmers of the future. And with a focus on functional, innovative and cost-effective solutions through the sea cages we offer, we are contributing to the optimum operation, security and safety of your fish farming system.<\/p>\n\t\t\t\t\t\t\t\t<\/div>\n\t\t\t\t<\/div>\n\t\t\t\t\t<\/div>\n\t\t<\/div>\n\t\t\t\t\t<\/div>\n\t\t<\/section>\n\t\t\t\t<section class=\"elementor-section elementor-top-section elementor-element elementor-element-253d1185 elementor-reverse-mobile elementor-section-boxed elementor-section-height-default elementor-section-height-default\" data-id=\"253d1185\" data-element_type=\"section\" data-e-type=\"section\" id=\"solid\" data-settings=\"{&quot;background_background&quot;:&quot;classic&quot;}\">\n\t\t\t\t\t\t<div class=\"elementor-container elementor-column-gap-wider\">\n\t\t\t\t\t<div class=\"elementor-column elementor-col-50 elementor-top-column elementor-element elementor-element-d0dd259 elementor-invisible\" data-id=\"d0dd259\" data-element_type=\"column\" data-e-type=\"column\" data-settings=\"{&quot;animation&quot;:&quot;fadeInUp&quot;}\">\n\t\t\t<div class=\"elementor-widget-wrap elementor-element-populated\">\n\t\t\t\t\t\t<div class=\"elementor-element elementor-element-6ae90251 elementor-widget elementor-widget-text-editor\" data-id=\"6ae90251\" data-element_type=\"widget\" data-e-type=\"widget\" data-widget_type=\"text-editor.default\">\n\t\t\t\t<div class=\"elementor-widget-container\">\n\t\t\t\t\t\t\t\t\t<h2>Sturdy construction<\/h2>\n<p>All the components have been tested and certified with respect to NS9415, and primarily consist of PE plastic. This also concerns the suspension for bottom rings, where chains, steel clasps and steel sleeves can be replaced by specially made strapping solutions. Their sturdy construction is adapted to the forces of nature, while at the same time the absence of steel in the sea cages reduces the lifespan costs.<\/p>\n\t\t\t\t\t\t\t\t<\/div>\n\t\t\t\t<\/div>\n\t\t\t\t\t<\/div>\n\t\t<\/div>\n\t\t\t\t<div class=\"elementor-column elementor-col-50 elementor-top-column elementor-element elementor-element-7a52d0c3 elementor-invisible\" data-id=\"7a52d0c3\" data-element_type=\"column\" data-e-type=\"column\" data-settings=\"{&quot;animation&quot;:&quot;fadeInUp&quot;}\">\n\t\t\t<div class=\"elementor-widget-wrap elementor-element-populated\">\n\t\t\t\t\t\t<div class=\"elementor-element elementor-element-2ed59362 elementor-widget elementor-widget-image\" data-id=\"2ed59362\" data-element_type=\"widget\" data-e-type=\"widget\" data-widget_type=\"image.default\">\n\t\t\t\t<div class=\"elementor-widget-container\">\n\t\t\t\t\t\t\t\t\t\t\t\t\t\t\t<img decoding=\"async\" width=\"650\" height=\"450\" data-src=\"https:\/\/selstad.no\/wp-content\/uploads\/2021\/11\/Ringer2.jpg\" class=\"attachment-full size-full wp-image-7290 lazyload\" alt=\"\" data-srcset=\"https:\/\/selstad.no\/wp-content\/uploads\/2021\/11\/Ringer2.jpg 650w, https:\/\/selstad.no\/wp-content\/uploads\/2021\/11\/Ringer2-400x277.jpg 400w, https:\/\/selstad.no\/wp-content\/uploads\/2021\/11\/Ringer2-217x150.jpg 217w\" data-sizes=\"(max-width: 650px) 100vw, 650px\" src=\"data:image\/svg+xml;base64,PHN2ZyB3aWR0aD0iMSIgaGVpZ2h0PSIxIiB4bWxucz0iaHR0cDovL3d3dy53My5vcmcvMjAwMC9zdmciPjwvc3ZnPg==\" style=\"--smush-placeholder-width: 650px; --smush-placeholder-aspect-ratio: 650\/450;\" \/>\t\t\t\t\t\t\t\t\t\t\t\t\t\t\t<\/div>\n\t\t\t\t<\/div>\n\t\t\t\t\t<\/div>\n\t\t<\/div>\n\t\t\t\t\t<\/div>\n\t\t<\/section>\n\t\t\t\t<section class=\"elementor-section elementor-top-section elementor-element elementor-element-f7f6bac elementor-section-boxed elementor-section-height-default elementor-section-height-default\" data-id=\"f7f6bac\" data-element_type=\"section\" data-e-type=\"section\" id=\"forhoyet\" data-settings=\"{&quot;background_background&quot;:&quot;classic&quot;}\">\n\t\t\t\t\t\t<div class=\"elementor-container elementor-column-gap-wider\">\n\t\t\t\t\t<div class=\"elementor-column elementor-col-50 elementor-top-column elementor-element elementor-element-6c8ddb05 elementor-invisible\" data-id=\"6c8ddb05\" data-element_type=\"column\" data-e-type=\"column\" data-settings=\"{&quot;animation&quot;:&quot;fadeInUp&quot;}\">\n\t\t\t<div class=\"elementor-widget-wrap elementor-element-populated\">\n\t\t\t\t\t\t\t<\/div>\n\t\t<\/div>\n\t\t\t\t<div class=\"elementor-column elementor-col-50 elementor-top-column elementor-element elementor-element-5894ed3e elementor-invisible\" data-id=\"5894ed3e\" data-element_type=\"column\" data-e-type=\"column\" data-settings=\"{&quot;animation&quot;:&quot;fadeInUp&quot;}\">\n\t\t\t<div class=\"elementor-widget-wrap elementor-element-populated\">\n\t\t\t\t\t\t<div class=\"elementor-element elementor-element-7c62e370 elementor-widget elementor-widget-text-editor\" data-id=\"7c62e370\" data-element_type=\"widget\" data-e-type=\"widget\" data-widget_type=\"text-editor.default\">\n\t\t\t\t<div class=\"elementor-widget-container\">\n\t\t\t\t\t\t\t\t\t<h2>Elevated walkway<\/h2>\n<p>The rings are furnished with an elevated walkway, simplifying work operations on the cage edge as well as reducing ice formation and accumulation of seaweed and seagrass. Safety for operating personnel is thus also increased.<\/p>\n\t\t\t\t\t\t\t\t<\/div>\n\t\t\t\t<\/div>\n\t\t\t\t\t<\/div>\n\t\t<\/div>\n\t\t\t\t\t<\/div>\n\t\t<\/section>\n\t\t\t\t<section class=\"elementor-section elementor-top-section elementor-element elementor-element-4a075105 elementor-reverse-mobile elementor-section-boxed elementor-section-height-default elementor-section-height-default\" data-id=\"4a075105\" data-element_type=\"section\" data-e-type=\"section\" data-settings=\"{&quot;background_background&quot;:&quot;classic&quot;}\">\n\t\t\t\t\t\t<div class=\"elementor-container elementor-column-gap-wider\">\n\t\t\t\t\t<div class=\"elementor-column elementor-col-50 elementor-top-column elementor-element elementor-element-73f96021 elementor-invisible\" data-id=\"73f96021\" data-element_type=\"column\" data-e-type=\"column\" data-settings=\"{&quot;animation&quot;:&quot;fadeInUp&quot;}\">\n\t\t\t<div class=\"elementor-widget-wrap elementor-element-populated\">\n\t\t\t\t\t\t<div class=\"elementor-element elementor-element-349a646 elementor-icon-list--layout-traditional elementor-list-item-link-full_width elementor-widget elementor-widget-icon-list\" data-id=\"349a646\" data-element_type=\"widget\" data-e-type=\"widget\" data-widget_type=\"icon-list.default\">\n\t\t\t\t<div class=\"elementor-widget-container\">\n\t\t\t\t\t\t\t<ul class=\"elementor-icon-list-items\">\n\t\t\t\t\t\t\t<li class=\"elementor-icon-list-item\">\n\t\t\t\t\t\t\t\t\t\t\t<span class=\"elementor-icon-list-icon\">\n\t\t\t\t\t\t\t<i aria-hidden=\"true\" class=\"fas fa-check\"><\/i>\t\t\t\t\t\t<\/span>\n\t\t\t\t\t\t\t\t\t\t<span class=\"elementor-icon-list-text\">All the components in the sea cages and hamster wheels primarily consist of PE plastic<\/span>\n\t\t\t\t\t\t\t\t\t<\/li>\n\t\t\t\t\t\t\t\t<li class=\"elementor-icon-list-item\">\n\t\t\t\t\t\t\t\t\t\t\t<span class=\"elementor-icon-list-icon\">\n\t\t\t\t\t\t\t<i aria-hidden=\"true\" class=\"fas fa-check\"><\/i>\t\t\t\t\t\t<\/span>\n\t\t\t\t\t\t\t\t\t\t<span class=\"elementor-icon-list-text\">We offer cages with \u00d8315 SDR 17 floats from 60-100 metre perimeters, \u00d8400 SDR 17,6 floats for 100-140 metre perimeters and \u00d8500 SDR 17,6 or still stronger SDR 13,6 floats for 120-160 metre perimeters<\/span>\n\t\t\t\t\t\t\t\t\t<\/li>\n\t\t\t\t\t\t\t\t<li class=\"elementor-icon-list-item\">\n\t\t\t\t\t\t\t\t\t\t\t<span class=\"elementor-icon-list-icon\">\n\t\t\t\t\t\t\t<i aria-hidden=\"true\" class=\"fas fa-check\"><\/i>\t\t\t\t\t\t<\/span>\n\t\t\t\t\t\t\t\t\t\t<span class=\"elementor-icon-list-text\">Specially made strapping solutions for suspension of bottom rings<\/span>\n\t\t\t\t\t\t\t\t\t<\/li>\n\t\t\t\t\t\t\t\t<li class=\"elementor-icon-list-item\">\n\t\t\t\t\t\t\t\t\t\t\t<span class=\"elementor-icon-list-icon\">\n\t\t\t\t\t\t\t<i aria-hidden=\"true\" class=\"fas fa-check\"><\/i>\t\t\t\t\t\t<\/span>\n\t\t\t\t\t\t\t\t\t\t<span class=\"elementor-icon-list-text\">Bottom rings are furnished as per the customer\u2019s desires with an eye towards the weight and type of suspension for cages with \u00d8400 or \u00d8500 mm floats<\/span>\n\t\t\t\t\t\t\t\t\t<\/li>\n\t\t\t\t\t\t<\/ul>\n\t\t\t\t\t\t<\/div>\n\t\t\t\t<\/div>\n\t\t\t\t\t<\/div>\n\t\t<\/div>\n\t\t\t\t<div class=\"elementor-column elementor-col-50 elementor-top-column elementor-element elementor-element-7bdfe99 elementor-invisible\" data-id=\"7bdfe99\" data-element_type=\"column\" data-e-type=\"column\" data-settings=\"{&quot;animation&quot;:&quot;fadeInUp&quot;}\">\n\t\t\t<div class=\"elementor-widget-wrap elementor-element-populated\">\n\t\t\t\t\t\t<div class=\"elementor-element elementor-element-de170e3 elementor-icon-list--layout-traditional elementor-list-item-link-full_width elementor-widget elementor-widget-icon-list\" data-id=\"de170e3\" data-element_type=\"widget\" data-e-type=\"widget\" data-widget_type=\"icon-list.default\">\n\t\t\t\t<div class=\"elementor-widget-container\">\n\t\t\t\t\t\t\t<ul class=\"elementor-icon-list-items\">\n\t\t\t\t\t\t\t<li class=\"elementor-icon-list-item\">\n\t\t\t\t\t\t\t\t\t\t\t<span class=\"elementor-icon-list-icon\">\n\t\t\t\t\t\t\t<i aria-hidden=\"true\" class=\"fas fa-check\"><\/i>\t\t\t\t\t\t<\/span>\n\t\t\t\t\t\t\t\t\t\t<span class=\"elementor-icon-list-text\">Delivered with elevated walkway that simplifies work operations as well as increasing safety for the users<\/span>\n\t\t\t\t\t\t\t\t\t<\/li>\n\t\t\t\t\t\t\t\t<li class=\"elementor-icon-list-item\">\n\t\t\t\t\t\t\t\t\t\t\t<span class=\"elementor-icon-list-icon\">\n\t\t\t\t\t\t\t<i aria-hidden=\"true\" class=\"fas fa-check\"><\/i>\t\t\t\t\t\t<\/span>\n\t\t\t\t\t\t\t\t\t\t<span class=\"elementor-icon-list-text\">The cages can also be delivered without walkways<\/span>\n\t\t\t\t\t\t\t\t\t<\/li>\n\t\t\t\t\t\t\t\t<li class=\"elementor-icon-list-item\">\n\t\t\t\t\t\t\t\t\t\t\t<span class=\"elementor-icon-list-icon\">\n\t\t\t\t\t\t\t<i aria-hidden=\"true\" class=\"fas fa-check\"><\/i>\t\t\t\t\t\t<\/span>\n\t\t\t\t\t\t\t\t\t\t<span class=\"elementor-icon-list-text\">Offered with railing tubes in different colours<\/span>\n\t\t\t\t\t\t\t\t\t<\/li>\n\t\t\t\t\t\t\t\t<li class=\"elementor-icon-list-item\">\n\t\t\t\t\t\t\t\t\t\t\t<span class=\"elementor-icon-list-icon\">\n\t\t\t\t\t\t\t<i aria-hidden=\"true\" class=\"fas fa-check\"><\/i>\t\t\t\t\t\t<\/span>\n\t\t\t\t\t\t\t\t\t\t<span class=\"elementor-icon-list-text\">The bird net holders are offered in different variants<\/span>\n\t\t\t\t\t\t\t\t\t<\/li>\n\t\t\t\t\t\t<\/ul>\n\t\t\t\t\t\t<\/div>\n\t\t\t\t<\/div>\n\t\t\t\t\t<\/div>\n\t\t<\/div>\n\t\t\t\t\t<\/div>\n\t\t<\/section>\n\t\t\t\t<\/div>\n\t\t","protected":false},"excerpt":{"rendered":"<p>Robust rings Sturdy construction Elevated walkway In co-operation with Norwegian fish farmers, Preplast has developed sea cages and hamster wheels for unsheltered conditions along the Norwegian coast. Robust rings for fish farmers of the future Selstad, with several decades of experience in Norwegian aquaculture and as a co-owner of Preplast, will be involved in developing [&hellip;]<\/p>\n","protected":false},"author":2,"featured_media":8369,"parent":7501,"menu_order":0,"comment_status":"closed","ping_status":"closed","template":"","meta":{"footnotes":""},"class_list":["post-7509","page","type-page","status-publish","has-post-thumbnail","hentry"],"yoast_head":"<!-- This site is optimized with the Yoast SEO plugin v27.4 - https:\/\/yoast.com\/product\/yoast-seo-wordpress\/ -->\n<title>Rings - Selstad<\/title>\n<meta name=\"robots\" content=\"index, follow, max-snippet:-1, max-image-preview:large, max-video-preview:-1\" \/>\n<link rel=\"canonical\" href=\"https:\/\/selstad.no\/en\/products\/aquaculture\/rings\/\" \/>\n<meta property=\"og:locale\" content=\"en_US\" \/>\n<meta property=\"og:type\" content=\"article\" \/>\n<meta property=\"og:title\" content=\"Rings - Selstad\" \/>\n<meta property=\"og:description\" content=\"Robust rings Sturdy construction Elevated walkway In co-operation with Norwegian fish farmers, Preplast has developed sea cages and hamster wheels for unsheltered conditions along the Norwegian coast. Robust rings for fish farmers of the future Selstad, with several decades of experience in Norwegian aquaculture and as a co-owner of Preplast, will be involved in developing [&hellip;]\" \/>\n<meta property=\"og:url\" content=\"https:\/\/selstad.no\/en\/products\/aquaculture\/rings\/\" \/>\n<meta property=\"og:site_name\" content=\"Selstad\" \/>\n<meta property=\"article:modified_time\" content=\"2022-02-03T12:05:32+00:00\" \/>\n<meta property=\"og:image\" content=\"https:\/\/selstad.no\/wp-content\/uploads\/2022\/02\/220203_Ringer.jpg\" \/>\n\t<meta property=\"og:image:width\" content=\"2000\" \/>\n\t<meta property=\"og:image:height\" content=\"800\" \/>\n\t<meta property=\"og:image:type\" content=\"image\/jpeg\" \/>\n<meta name=\"twitter:card\" content=\"summary_large_image\" \/>\n<meta name=\"twitter:label1\" content=\"Est. reading time\" \/>\n\t<meta name=\"twitter:data1\" content=\"2 minutes\" \/>\n<script type=\"application\/ld+json\" class=\"yoast-schema-graph\">{\"@context\":\"https:\\\/\\\/schema.org\",\"@graph\":[{\"@type\":\"WebPage\",\"@id\":\"https:\\\/\\\/selstad.no\\\/en\\\/products\\\/aquaculture\\\/rings\\\/\",\"url\":\"https:\\\/\\\/selstad.no\\\/en\\\/products\\\/aquaculture\\\/rings\\\/\",\"name\":\"Rings - Selstad\",\"isPartOf\":{\"@id\":\"https:\\\/\\\/selstad.no\\\/en\\\/#website\"},\"primaryImageOfPage\":{\"@id\":\"https:\\\/\\\/selstad.no\\\/en\\\/products\\\/aquaculture\\\/rings\\\/#primaryimage\"},\"image\":{\"@id\":\"https:\\\/\\\/selstad.no\\\/en\\\/products\\\/aquaculture\\\/rings\\\/#primaryimage\"},\"thumbnailUrl\":\"https:\\\/\\\/selstad.no\\\/wp-content\\\/uploads\\\/2022\\\/02\\\/220203_Ringer.jpg\",\"datePublished\":\"2021-11-25T14:00:54+00:00\",\"dateModified\":\"2022-02-03T12:05:32+00:00\",\"breadcrumb\":{\"@id\":\"https:\\\/\\\/selstad.no\\\/en\\\/products\\\/aquaculture\\\/rings\\\/#breadcrumb\"},\"inLanguage\":\"en-US\",\"potentialAction\":[{\"@type\":\"ReadAction\",\"target\":[\"https:\\\/\\\/selstad.no\\\/en\\\/products\\\/aquaculture\\\/rings\\\/\"]}]},{\"@type\":\"ImageObject\",\"inLanguage\":\"en-US\",\"@id\":\"https:\\\/\\\/selstad.no\\\/en\\\/products\\\/aquaculture\\\/rings\\\/#primaryimage\",\"url\":\"https:\\\/\\\/selstad.no\\\/wp-content\\\/uploads\\\/2022\\\/02\\\/220203_Ringer.jpg\",\"contentUrl\":\"https:\\\/\\\/selstad.no\\\/wp-content\\\/uploads\\\/2022\\\/02\\\/220203_Ringer.jpg\",\"width\":2000,\"height\":800},{\"@type\":\"BreadcrumbList\",\"@id\":\"https:\\\/\\\/selstad.no\\\/en\\\/products\\\/aquaculture\\\/rings\\\/#breadcrumb\",\"itemListElement\":[{\"@type\":\"ListItem\",\"position\":1,\"name\":\"Front page\",\"item\":\"https:\\\/\\\/selstad.no\\\/en\\\/\"},{\"@type\":\"ListItem\",\"position\":2,\"name\":\"Products\",\"item\":\"https:\\\/\\\/selstad.no\\\/en\\\/products\\\/\"},{\"@type\":\"ListItem\",\"position\":3,\"name\":\"Aquaculture\",\"item\":\"https:\\\/\\\/selstad.no\\\/en\\\/products\\\/aquaculture\\\/\"},{\"@type\":\"ListItem\",\"position\":4,\"name\":\"Rings\"}]},{\"@type\":\"WebSite\",\"@id\":\"https:\\\/\\\/selstad.no\\\/en\\\/#website\",\"url\":\"https:\\\/\\\/selstad.no\\\/en\\\/\",\"name\":\"Selstad\",\"description\":\"Vi kjenner havet\",\"potentialAction\":[{\"@type\":\"SearchAction\",\"target\":{\"@type\":\"EntryPoint\",\"urlTemplate\":\"https:\\\/\\\/selstad.no\\\/en\\\/?s={search_term_string}\"},\"query-input\":{\"@type\":\"PropertyValueSpecification\",\"valueRequired\":true,\"valueName\":\"search_term_string\"}}],\"inLanguage\":\"en-US\"}]}<\/script>\n<!-- \/ Yoast SEO plugin. -->","yoast_head_json":{"title":"Rings - Selstad","robots":{"index":"index","follow":"follow","max-snippet":"max-snippet:-1","max-image-preview":"max-image-preview:large","max-video-preview":"max-video-preview:-1"},"canonical":"https:\/\/selstad.no\/en\/products\/aquaculture\/rings\/","og_locale":"en_US","og_type":"article","og_title":"Rings - Selstad","og_description":"Robust rings Sturdy construction Elevated walkway In co-operation with Norwegian fish farmers, Preplast has developed sea cages and hamster wheels for unsheltered conditions along the Norwegian coast. Robust rings for fish farmers of the future Selstad, with several decades of experience in Norwegian aquaculture and as a co-owner of Preplast, will be involved in developing [&hellip;]","og_url":"https:\/\/selstad.no\/en\/products\/aquaculture\/rings\/","og_site_name":"Selstad","article_modified_time":"2022-02-03T12:05:32+00:00","og_image":[{"width":2000,"height":800,"url":"https:\/\/selstad.no\/wp-content\/uploads\/2022\/02\/220203_Ringer.jpg","type":"image\/jpeg"}],"twitter_card":"summary_large_image","twitter_misc":{"Est. reading time":"2 minutes"},"schema":{"@context":"https:\/\/schema.org","@graph":[{"@type":"WebPage","@id":"https:\/\/selstad.no\/en\/products\/aquaculture\/rings\/","url":"https:\/\/selstad.no\/en\/products\/aquaculture\/rings\/","name":"Rings - Selstad","isPartOf":{"@id":"https:\/\/selstad.no\/en\/#website"},"primaryImageOfPage":{"@id":"https:\/\/selstad.no\/en\/products\/aquaculture\/rings\/#primaryimage"},"image":{"@id":"https:\/\/selstad.no\/en\/products\/aquaculture\/rings\/#primaryimage"},"thumbnailUrl":"https:\/\/selstad.no\/wp-content\/uploads\/2022\/02\/220203_Ringer.jpg","datePublished":"2021-11-25T14:00:54+00:00","dateModified":"2022-02-03T12:05:32+00:00","breadcrumb":{"@id":"https:\/\/selstad.no\/en\/products\/aquaculture\/rings\/#breadcrumb"},"inLanguage":"en-US","potentialAction":[{"@type":"ReadAction","target":["https:\/\/selstad.no\/en\/products\/aquaculture\/rings\/"]}]},{"@type":"ImageObject","inLanguage":"en-US","@id":"https:\/\/selstad.no\/en\/products\/aquaculture\/rings\/#primaryimage","url":"https:\/\/selstad.no\/wp-content\/uploads\/2022\/02\/220203_Ringer.jpg","contentUrl":"https:\/\/selstad.no\/wp-content\/uploads\/2022\/02\/220203_Ringer.jpg","width":2000,"height":800},{"@type":"BreadcrumbList","@id":"https:\/\/selstad.no\/en\/products\/aquaculture\/rings\/#breadcrumb","itemListElement":[{"@type":"ListItem","position":1,"name":"Front page","item":"https:\/\/selstad.no\/en\/"},{"@type":"ListItem","position":2,"name":"Products","item":"https:\/\/selstad.no\/en\/products\/"},{"@type":"ListItem","position":3,"name":"Aquaculture","item":"https:\/\/selstad.no\/en\/products\/aquaculture\/"},{"@type":"ListItem","position":4,"name":"Rings"}]},{"@type":"WebSite","@id":"https:\/\/selstad.no\/en\/#website","url":"https:\/\/selstad.no\/en\/","name":"Selstad","description":"Vi kjenner havet","potentialAction":[{"@type":"SearchAction","target":{"@type":"EntryPoint","urlTemplate":"https:\/\/selstad.no\/en\/?s={search_term_string}"},"query-input":{"@type":"PropertyValueSpecification","valueRequired":true,"valueName":"search_term_string"}}],"inLanguage":"en-US"}]}},"_links":{"self":[{"href":"https:\/\/selstad.no\/en\/wp-json\/wp\/v2\/pages\/7509","targetHints":{"allow":["GET"]}}],"collection":[{"href":"https:\/\/selstad.no\/en\/wp-json\/wp\/v2\/pages"}],"about":[{"href":"https:\/\/selstad.no\/en\/wp-json\/wp\/v2\/types\/page"}],"author":[{"embeddable":true,"href":"https:\/\/selstad.no\/en\/wp-json\/wp\/v2\/users\/2"}],"replies":[{"embeddable":true,"href":"https:\/\/selstad.no\/en\/wp-json\/wp\/v2\/comments?post=7509"}],"version-history":[{"count":0,"href":"https:\/\/selstad.no\/en\/wp-json\/wp\/v2\/pages\/7509\/revisions"}],"up":[{"embeddable":true,"href":"https:\/\/selstad.no\/en\/wp-json\/wp\/v2\/pages\/7501"}],"wp:featuredmedia":[{"embeddable":true,"href":"https:\/\/selstad.no\/en\/wp-json\/wp\/v2\/media\/8369"}],"wp:attachment":[{"href":"https:\/\/selstad.no\/en\/wp-json\/wp\/v2\/media?parent=7509"}],"curies":[{"name":"wp","href":"https:\/\/api.w.org\/{rel}","templated":true}]}}