{"id":7523,"date":"2021-11-25T15:28:58","date_gmt":"2021-11-25T14:28:58","guid":{"rendered":"https:\/\/staging.selstad.snitt.demo1.no\/products\/fisheries\/purse-seine\/"},"modified":"2024-09-04T12:59:13","modified_gmt":"2024-09-04T11:59:13","slug":"purse-seine","status":"publish","type":"page","link":"https:\/\/selstad.no\/en\/products\/fisheries\/purse-seine\/","title":{"rendered":"Purse seine"},"content":{"rendered":"\t\t<div data-elementor-type=\"wp-page\" data-elementor-id=\"7523\" class=\"elementor elementor-7523 elementor-54\" data-elementor-post-type=\"page\">\n\t\t\t\t\t\t<section class=\"elementor-section elementor-top-section elementor-element elementor-element-590b3c0 elementor-section-boxed elementor-section-height-default elementor-section-height-default\" data-id=\"590b3c0\" data-element_type=\"section\" data-e-type=\"section\" data-settings=\"{&quot;background_background&quot;:&quot;classic&quot;}\">\n\t\t\t\t\t\t<div class=\"elementor-container elementor-column-gap-wider\">\n\t\t\t\t\t<div class=\"elementor-column elementor-col-33 elementor-top-column elementor-element elementor-element-1794e17f elementor-invisible\" data-id=\"1794e17f\" data-element_type=\"column\" data-e-type=\"column\" data-settings=\"{&quot;animation&quot;:&quot;fadeInUp&quot;}\">\n\t\t\t<div class=\"elementor-widget-wrap elementor-element-populated\">\n\t\t\t\t\t\t<div class=\"elementor-element elementor-element-8b1dc34 elementor-icon-list--layout-traditional elementor-list-item-link-full_width elementor-widget elementor-widget-icon-list\" data-id=\"8b1dc34\" data-element_type=\"widget\" data-e-type=\"widget\" data-widget_type=\"icon-list.default\">\n\t\t\t\t<div class=\"elementor-widget-container\">\n\t\t\t\t\t\t\t<ul class=\"elementor-icon-list-items\">\n\t\t\t\t\t\t\t<li class=\"elementor-icon-list-item\">\n\t\t\t\t\t\t\t\t\t\t\t<a href=\"#Innovasjonogkvalitet\">\n\n\t\t\t\t\t\t\t\t\t\t\t\t<span class=\"elementor-icon-list-icon\">\n\t\t\t\t\t\t\t<i aria-hidden=\"true\" class=\"fas fa-arrow-right\"><\/i>\t\t\t\t\t\t<\/span>\n\t\t\t\t\t\t\t\t\t\t<span class=\"elementor-icon-list-text\">Innovation and quality<\/span>\n\t\t\t\t\t\t\t\t\t\t\t<\/a>\n\t\t\t\t\t\t\t\t\t<\/li>\n\t\t\t\t\t\t\t\t<li class=\"elementor-icon-list-item\">\n\t\t\t\t\t\t\t\t\t\t\t<a href=\"#designprosessen\">\n\n\t\t\t\t\t\t\t\t\t\t\t\t<span class=\"elementor-icon-list-icon\">\n\t\t\t\t\t\t\t<i aria-hidden=\"true\" class=\"fas fa-arrow-right\"><\/i>\t\t\t\t\t\t<\/span>\n\t\t\t\t\t\t\t\t\t\t<span class=\"elementor-icon-list-text\">The design process<\/span>\n\t\t\t\t\t\t\t\t\t\t\t<\/a>\n\t\t\t\t\t\t\t\t\t<\/li>\n\t\t\t\t\t\t\t\t<li class=\"elementor-icon-list-item\">\n\t\t\t\t\t\t\t\t\t\t\t<a href=\"#Service\">\n\n\t\t\t\t\t\t\t\t\t\t\t\t<span class=\"elementor-icon-list-icon\">\n\t\t\t\t\t\t\t<i aria-hidden=\"true\" class=\"fas fa-arrow-right\"><\/i>\t\t\t\t\t\t<\/span>\n\t\t\t\t\t\t\t\t\t\t<span class=\"elementor-icon-list-text\">Service and maintenance<\/span>\n\t\t\t\t\t\t\t\t\t\t\t<\/a>\n\t\t\t\t\t\t\t\t\t<\/li>\n\t\t\t\t\t\t<\/ul>\n\t\t\t\t\t\t<\/div>\n\t\t\t\t<\/div>\n\t\t\t\t\t<\/div>\n\t\t<\/div>\n\t\t\t\t<div class=\"elementor-column elementor-col-66 elementor-top-column elementor-element elementor-element-7760f2d2 elementor-invisible\" data-id=\"7760f2d2\" data-element_type=\"column\" data-e-type=\"column\" data-settings=\"{&quot;animation&quot;:&quot;fadeInUp&quot;}\">\n\t\t\t<div class=\"elementor-widget-wrap elementor-element-populated\">\n\t\t\t\t\t\t<div class=\"elementor-element elementor-element-b8d446e elementor-widget elementor-widget-text-editor\" data-id=\"b8d446e\" data-element_type=\"widget\" data-e-type=\"widget\" data-widget_type=\"text-editor.default\">\n\t\t\t\t<div class=\"elementor-widget-container\">\n\t\t\t\t\t\t\t\t\t<p>We design and deliver purse seines for all types of fisheries, and always design in accordance to your wishes and requirements. In our purse seines, we utilize netting that is made of the best nylon material on the market. At the same time, the coating of the netting has been improved, which also contributes to increased quality and durability for the nets. In addition we deliver other equipment for purse seines such as purse line, fore line, purse rings and other hardware.<\/p>\t\t\t\t\t\t\t\t<\/div>\n\t\t\t\t<\/div>\n\t\t\t\t\t<\/div>\n\t\t<\/div>\n\t\t\t\t\t<\/div>\n\t\t<\/section>\n\t\t\t\t<section class=\"elementor-section elementor-top-section elementor-element elementor-element-2111a9d8 elementor-section-boxed elementor-section-height-default elementor-section-height-default\" data-id=\"2111a9d8\" data-element_type=\"section\" data-e-type=\"section\" id=\"Innovasjonogkvalitet\" data-settings=\"{&quot;background_background&quot;:&quot;classic&quot;}\">\n\t\t\t\t\t\t<div class=\"elementor-container elementor-column-gap-wider\">\n\t\t\t\t\t<div class=\"elementor-column elementor-col-50 elementor-top-column elementor-element elementor-element-4a2a7bc1 elementor-invisible\" data-id=\"4a2a7bc1\" data-element_type=\"column\" data-e-type=\"column\" data-settings=\"{&quot;animation&quot;:&quot;fadeInUp&quot;}\">\n\t\t\t<div class=\"elementor-widget-wrap elementor-element-populated\">\n\t\t\t\t\t\t<div class=\"elementor-element elementor-element-129d6353 elementor-widget elementor-widget-image\" data-id=\"129d6353\" data-element_type=\"widget\" data-e-type=\"widget\" data-widget_type=\"image.default\">\n\t\t\t\t<div class=\"elementor-widget-container\">\n\t\t\t\t\t\t\t\t\t\t\t\t\t\t\t<img fetchpriority=\"high\" decoding=\"async\" width=\"650\" height=\"450\" src=\"https:\/\/selstad.no\/wp-content\/uploads\/2021\/11\/Innovasjon-og-kvalitet.jpg\" class=\"attachment-full size-full wp-image-7113\" alt=\"\" srcset=\"https:\/\/selstad.no\/wp-content\/uploads\/2021\/11\/Innovasjon-og-kvalitet.jpg 650w, https:\/\/selstad.no\/wp-content\/uploads\/2021\/11\/Innovasjon-og-kvalitet-400x277.jpg 400w, https:\/\/selstad.no\/wp-content\/uploads\/2021\/11\/Innovasjon-og-kvalitet-217x150.jpg 217w\" sizes=\"(max-width: 650px) 100vw, 650px\" \/>\t\t\t\t\t\t\t\t\t\t\t\t\t\t\t<\/div>\n\t\t\t\t<\/div>\n\t\t\t\t\t<\/div>\n\t\t<\/div>\n\t\t\t\t<div class=\"elementor-column elementor-col-50 elementor-top-column elementor-element elementor-element-6d16a441 elementor-invisible\" data-id=\"6d16a441\" data-element_type=\"column\" data-e-type=\"column\" data-settings=\"{&quot;animation&quot;:&quot;fadeInUp&quot;}\">\n\t\t\t<div class=\"elementor-widget-wrap elementor-element-populated\">\n\t\t\t\t\t\t<div class=\"elementor-element elementor-element-274e4b06 elementor-widget elementor-widget-text-editor\" data-id=\"274e4b06\" data-element_type=\"widget\" data-e-type=\"widget\" data-widget_type=\"text-editor.default\">\n\t\t\t\t<div class=\"elementor-widget-container\">\n\t\t\t\t\t\t\t\t\t<h2>Innovation and quality<\/h2><p>The fisheries are constantly undergoing development, and we work closely with fishermen, skippers and shipowners in order to identify possible improvements to our solutions and research ideas.\u00a0<\/p><p>We use a fixed supplier of raw materials for our netting in order to ensure stable and high quality. We have also developed a coating that strengthens the nylon net, which makes for better water flow over time, better adhesion and protection against UV radiation and wear.<\/p><p>The quality of material selection and production is among our highest priorities, and we follow our suppliers and working partners closely in order to ensure quality in all parts of our value chain.<\/p>\t\t\t\t\t\t\t\t<\/div>\n\t\t\t\t<\/div>\n\t\t\t\t\t<\/div>\n\t\t<\/div>\n\t\t\t\t\t<\/div>\n\t\t<\/section>\n\t\t\t\t<section class=\"elementor-section elementor-top-section elementor-element elementor-element-4f362abf elementor-reverse-mobile elementor-section-boxed elementor-section-height-default elementor-section-height-default\" data-id=\"4f362abf\" data-element_type=\"section\" data-e-type=\"section\" id=\"designprosessen\" data-settings=\"{&quot;background_background&quot;:&quot;classic&quot;}\">\n\t\t\t\t\t\t<div class=\"elementor-container elementor-column-gap-wider\">\n\t\t\t\t\t<div class=\"elementor-column elementor-col-50 elementor-top-column elementor-element elementor-element-54e93171 elementor-invisible\" data-id=\"54e93171\" data-element_type=\"column\" data-e-type=\"column\" data-settings=\"{&quot;animation&quot;:&quot;fadeInUp&quot;}\">\n\t\t\t<div class=\"elementor-widget-wrap elementor-element-populated\">\n\t\t\t\t\t\t<div class=\"elementor-element elementor-element-4766937c elementor-widget elementor-widget-text-editor\" data-id=\"4766937c\" data-element_type=\"widget\" data-e-type=\"widget\" data-widget_type=\"text-editor.default\">\n\t\t\t\t<div class=\"elementor-widget-container\">\n\t\t\t\t\t\t\t\t\t<h2>The design process<\/h2><p>We work closely with you as the customer during the purse seine design process in order to be able to take your ideas and requirements into consideration. We are committed in this respect to hear more about your experiences, your expectations for the level of quality in order to be able to adjust the design and calculations accordingly. We maintain long-term working relationships with our suppliers, and are confident that the purse seines are produced in accordance with the agreed design and specifications.<\/p>\t\t\t\t\t\t\t\t<\/div>\n\t\t\t\t<\/div>\n\t\t\t\t\t<\/div>\n\t\t<\/div>\n\t\t\t\t<div class=\"elementor-column elementor-col-50 elementor-top-column elementor-element elementor-element-432a0291 elementor-invisible\" data-id=\"432a0291\" data-element_type=\"column\" data-e-type=\"column\" data-settings=\"{&quot;animation&quot;:&quot;fadeInUp&quot;}\">\n\t\t\t<div class=\"elementor-widget-wrap elementor-element-populated\">\n\t\t\t\t\t\t<div class=\"elementor-element elementor-element-ea863e4 elementor-widget elementor-widget-image\" data-id=\"ea863e4\" data-element_type=\"widget\" data-e-type=\"widget\" data-widget_type=\"image.default\">\n\t\t\t\t<div class=\"elementor-widget-container\">\n\t\t\t\t\t\t\t\t\t\t\t\t\t\t\t<img decoding=\"async\" width=\"650\" height=\"450\" data-src=\"https:\/\/selstad.no\/wp-content\/uploads\/2021\/11\/Designprosessen.jpg\" class=\"attachment-full size-full wp-image-7116 lazyload\" alt=\"\" data-srcset=\"https:\/\/selstad.no\/wp-content\/uploads\/2021\/11\/Designprosessen.jpg 650w, https:\/\/selstad.no\/wp-content\/uploads\/2021\/11\/Designprosessen-400x277.jpg 400w, https:\/\/selstad.no\/wp-content\/uploads\/2021\/11\/Designprosessen-217x150.jpg 217w\" data-sizes=\"(max-width: 650px) 100vw, 650px\" src=\"data:image\/svg+xml;base64,PHN2ZyB3aWR0aD0iMSIgaGVpZ2h0PSIxIiB4bWxucz0iaHR0cDovL3d3dy53My5vcmcvMjAwMC9zdmciPjwvc3ZnPg==\" style=\"--smush-placeholder-width: 650px; --smush-placeholder-aspect-ratio: 650\/450;\" \/>\t\t\t\t\t\t\t\t\t\t\t\t\t\t\t<\/div>\n\t\t\t\t<\/div>\n\t\t\t\t\t<\/div>\n\t\t<\/div>\n\t\t\t\t\t<\/div>\n\t\t<\/section>\n\t\t\t\t<section class=\"elementor-section elementor-top-section elementor-element elementor-element-a5f5daa elementor-section-boxed elementor-section-height-default elementor-section-height-default\" data-id=\"a5f5daa\" data-element_type=\"section\" data-e-type=\"section\" id=\"Service\" data-settings=\"{&quot;background_background&quot;:&quot;classic&quot;}\">\n\t\t\t\t\t\t<div class=\"elementor-container elementor-column-gap-wider\">\n\t\t\t\t\t<div class=\"elementor-column elementor-col-50 elementor-top-column elementor-element elementor-element-6bff41d elementor-invisible\" data-id=\"6bff41d\" data-element_type=\"column\" data-e-type=\"column\" data-settings=\"{&quot;animation&quot;:&quot;fadeInUp&quot;}\">\n\t\t\t<div class=\"elementor-widget-wrap elementor-element-populated\">\n\t\t\t\t\t\t<div class=\"elementor-element elementor-element-4ec551d9 elementor-widget elementor-widget-image\" data-id=\"4ec551d9\" data-element_type=\"widget\" data-e-type=\"widget\" data-widget_type=\"image.default\">\n\t\t\t\t<div class=\"elementor-widget-container\">\n\t\t\t\t\t\t\t\t\t\t\t\t\t\t\t<img decoding=\"async\" width=\"650\" height=\"450\" data-src=\"https:\/\/selstad.no\/wp-content\/uploads\/2021\/11\/Service-og-vedlikehold.jpg\" class=\"attachment-full size-full wp-image-7110 lazyload\" alt=\"\" data-srcset=\"https:\/\/selstad.no\/wp-content\/uploads\/2021\/11\/Service-og-vedlikehold.jpg 650w, https:\/\/selstad.no\/wp-content\/uploads\/2021\/11\/Service-og-vedlikehold-400x277.jpg 400w, https:\/\/selstad.no\/wp-content\/uploads\/2021\/11\/Service-og-vedlikehold-217x150.jpg 217w\" data-sizes=\"(max-width: 650px) 100vw, 650px\" src=\"data:image\/svg+xml;base64,PHN2ZyB3aWR0aD0iMSIgaGVpZ2h0PSIxIiB4bWxucz0iaHR0cDovL3d3dy53My5vcmcvMjAwMC9zdmciPjwvc3ZnPg==\" style=\"--smush-placeholder-width: 650px; --smush-placeholder-aspect-ratio: 650\/450;\" \/>\t\t\t\t\t\t\t\t\t\t\t\t\t\t\t<\/div>\n\t\t\t\t<\/div>\n\t\t\t\t\t<\/div>\n\t\t<\/div>\n\t\t\t\t<div class=\"elementor-column elementor-col-50 elementor-top-column elementor-element elementor-element-7204c3e elementor-invisible\" data-id=\"7204c3e\" data-element_type=\"column\" data-e-type=\"column\" data-settings=\"{&quot;animation&quot;:&quot;fadeInUp&quot;}\">\n\t\t\t<div class=\"elementor-widget-wrap elementor-element-populated\">\n\t\t\t\t\t\t<div class=\"elementor-element elementor-element-74442bd elementor-widget elementor-widget-text-editor\" data-id=\"74442bd\" data-element_type=\"widget\" data-e-type=\"widget\" data-widget_type=\"text-editor.default\">\n\t\t\t\t<div class=\"elementor-widget-container\">\n\t\t\t\t\t\t\t\t\t<h2>Service and maintenance<\/h2>\n<p>We have representatives at all our departments, and offer repairs, replacements and services at M\u00e5l\u00f8y, Sotra, \u00c5lesund, Svolv\u00e6r and Fosnav\u00e5g at Fosnot. <\/p>\n<p><strong>We Offer:<\/strong><\/p>\n<ul>\n<li>Nets from 200&#215;50 fathoms to 459&#215;133 fathoms<\/li>\n<li>Customised design<\/li>\n<li>Produced in the material Rhodia Filament<\/li>\n<li>High quality<\/li>\n<li>Short response time<\/li>\n<li>Good delivery time<\/li>\n<\/ul>\t\t\t\t\t\t\t\t<\/div>\n\t\t\t\t<\/div>\n\t\t\t\t\t<\/div>\n\t\t<\/div>\n\t\t\t\t\t<\/div>\n\t\t<\/section>\n\t\t\t\t<\/div>\n\t\t","protected":false},"excerpt":{"rendered":"<p>Innovation and quality The design process Service and maintenance We design and deliver purse seines for all types of fisheries, and always design in accordance to your wishes and requirements. In our purse seines, we utilize netting that is made of the best nylon material on the market. At the same time, the coating of [&hellip;]<\/p>\n","protected":false},"author":2,"featured_media":7106,"parent":7519,"menu_order":0,"comment_status":"closed","ping_status":"closed","template":"","meta":{"footnotes":""},"class_list":["post-7523","page","type-page","status-publish","has-post-thumbnail","hentry"],"yoast_head":"<!-- This site is optimized with the Yoast SEO plugin v27.4 - https:\/\/yoast.com\/product\/yoast-seo-wordpress\/ -->\n<title>Purse seine - Selstad<\/title>\n<meta name=\"robots\" content=\"index, follow, max-snippet:-1, max-image-preview:large, max-video-preview:-1\" \/>\n<link rel=\"canonical\" href=\"https:\/\/selstad.no\/en\/products\/fisheries\/purse-seine\/\" \/>\n<meta property=\"og:locale\" content=\"en_US\" \/>\n<meta property=\"og:type\" content=\"article\" \/>\n<meta property=\"og:title\" content=\"Purse seine - Selstad\" \/>\n<meta property=\"og:description\" content=\"Innovation and quality The design process Service and maintenance We design and deliver purse seines for all types of fisheries, and always design in accordance to your wishes and requirements. In our purse seines, we utilize netting that is made of the best nylon material on the market. At the same time, the coating of [&hellip;]\" \/>\n<meta property=\"og:url\" content=\"https:\/\/selstad.no\/en\/products\/fisheries\/purse-seine\/\" \/>\n<meta property=\"og:site_name\" content=\"Selstad\" \/>\n<meta property=\"article:modified_time\" content=\"2024-09-04T11:59:13+00:00\" \/>\n<meta property=\"og:image\" content=\"https:\/\/selstad.no\/wp-content\/uploads\/2021\/11\/Snurpenot2.jpg\" \/>\n\t<meta property=\"og:image:width\" content=\"2000\" \/>\n\t<meta property=\"og:image:height\" content=\"800\" \/>\n\t<meta property=\"og:image:type\" content=\"image\/jpeg\" \/>\n<meta name=\"twitter:card\" content=\"summary_large_image\" \/>\n<meta name=\"twitter:label1\" content=\"Est. reading time\" \/>\n\t<meta name=\"twitter:data1\" content=\"2 minutes\" \/>\n<script type=\"application\/ld+json\" class=\"yoast-schema-graph\">{\"@context\":\"https:\\\/\\\/schema.org\",\"@graph\":[{\"@type\":\"WebPage\",\"@id\":\"https:\\\/\\\/selstad.no\\\/en\\\/products\\\/fisheries\\\/purse-seine\\\/\",\"url\":\"https:\\\/\\\/selstad.no\\\/en\\\/products\\\/fisheries\\\/purse-seine\\\/\",\"name\":\"Purse seine - Selstad\",\"isPartOf\":{\"@id\":\"https:\\\/\\\/selstad.no\\\/en\\\/#website\"},\"primaryImageOfPage\":{\"@id\":\"https:\\\/\\\/selstad.no\\\/en\\\/products\\\/fisheries\\\/purse-seine\\\/#primaryimage\"},\"image\":{\"@id\":\"https:\\\/\\\/selstad.no\\\/en\\\/products\\\/fisheries\\\/purse-seine\\\/#primaryimage\"},\"thumbnailUrl\":\"https:\\\/\\\/selstad.no\\\/wp-content\\\/uploads\\\/2021\\\/11\\\/Snurpenot2.jpg\",\"datePublished\":\"2021-11-25T14:28:58+00:00\",\"dateModified\":\"2024-09-04T11:59:13+00:00\",\"breadcrumb\":{\"@id\":\"https:\\\/\\\/selstad.no\\\/en\\\/products\\\/fisheries\\\/purse-seine\\\/#breadcrumb\"},\"inLanguage\":\"en-US\",\"potentialAction\":[{\"@type\":\"ReadAction\",\"target\":[\"https:\\\/\\\/selstad.no\\\/en\\\/products\\\/fisheries\\\/purse-seine\\\/\"]}]},{\"@type\":\"ImageObject\",\"inLanguage\":\"en-US\",\"@id\":\"https:\\\/\\\/selstad.no\\\/en\\\/products\\\/fisheries\\\/purse-seine\\\/#primaryimage\",\"url\":\"https:\\\/\\\/selstad.no\\\/wp-content\\\/uploads\\\/2021\\\/11\\\/Snurpenot2.jpg\",\"contentUrl\":\"https:\\\/\\\/selstad.no\\\/wp-content\\\/uploads\\\/2021\\\/11\\\/Snurpenot2.jpg\",\"width\":2000,\"height\":800},{\"@type\":\"BreadcrumbList\",\"@id\":\"https:\\\/\\\/selstad.no\\\/en\\\/products\\\/fisheries\\\/purse-seine\\\/#breadcrumb\",\"itemListElement\":[{\"@type\":\"ListItem\",\"position\":1,\"name\":\"Front page\",\"item\":\"https:\\\/\\\/selstad.no\\\/en\\\/\"},{\"@type\":\"ListItem\",\"position\":2,\"name\":\"Products\",\"item\":\"https:\\\/\\\/selstad.no\\\/en\\\/products\\\/\"},{\"@type\":\"ListItem\",\"position\":3,\"name\":\"Fisheries\",\"item\":\"https:\\\/\\\/selstad.no\\\/en\\\/products\\\/fisheries\\\/\"},{\"@type\":\"ListItem\",\"position\":4,\"name\":\"Purse seine\"}]},{\"@type\":\"WebSite\",\"@id\":\"https:\\\/\\\/selstad.no\\\/en\\\/#website\",\"url\":\"https:\\\/\\\/selstad.no\\\/en\\\/\",\"name\":\"Selstad\",\"description\":\"Vi kjenner havet\",\"potentialAction\":[{\"@type\":\"SearchAction\",\"target\":{\"@type\":\"EntryPoint\",\"urlTemplate\":\"https:\\\/\\\/selstad.no\\\/en\\\/?s={search_term_string}\"},\"query-input\":{\"@type\":\"PropertyValueSpecification\",\"valueRequired\":true,\"valueName\":\"search_term_string\"}}],\"inLanguage\":\"en-US\"}]}<\/script>\n<!-- \/ Yoast SEO plugin. -->","yoast_head_json":{"title":"Purse seine - Selstad","robots":{"index":"index","follow":"follow","max-snippet":"max-snippet:-1","max-image-preview":"max-image-preview:large","max-video-preview":"max-video-preview:-1"},"canonical":"https:\/\/selstad.no\/en\/products\/fisheries\/purse-seine\/","og_locale":"en_US","og_type":"article","og_title":"Purse seine - Selstad","og_description":"Innovation and quality The design process Service and maintenance We design and deliver purse seines for all types of fisheries, and always design in accordance to your wishes and requirements. In our purse seines, we utilize netting that is made of the best nylon material on the market. At the same time, the coating of [&hellip;]","og_url":"https:\/\/selstad.no\/en\/products\/fisheries\/purse-seine\/","og_site_name":"Selstad","article_modified_time":"2024-09-04T11:59:13+00:00","og_image":[{"width":2000,"height":800,"url":"https:\/\/selstad.no\/wp-content\/uploads\/2021\/11\/Snurpenot2.jpg","type":"image\/jpeg"}],"twitter_card":"summary_large_image","twitter_misc":{"Est. reading time":"2 minutes"},"schema":{"@context":"https:\/\/schema.org","@graph":[{"@type":"WebPage","@id":"https:\/\/selstad.no\/en\/products\/fisheries\/purse-seine\/","url":"https:\/\/selstad.no\/en\/products\/fisheries\/purse-seine\/","name":"Purse seine - Selstad","isPartOf":{"@id":"https:\/\/selstad.no\/en\/#website"},"primaryImageOfPage":{"@id":"https:\/\/selstad.no\/en\/products\/fisheries\/purse-seine\/#primaryimage"},"image":{"@id":"https:\/\/selstad.no\/en\/products\/fisheries\/purse-seine\/#primaryimage"},"thumbnailUrl":"https:\/\/selstad.no\/wp-content\/uploads\/2021\/11\/Snurpenot2.jpg","datePublished":"2021-11-25T14:28:58+00:00","dateModified":"2024-09-04T11:59:13+00:00","breadcrumb":{"@id":"https:\/\/selstad.no\/en\/products\/fisheries\/purse-seine\/#breadcrumb"},"inLanguage":"en-US","potentialAction":[{"@type":"ReadAction","target":["https:\/\/selstad.no\/en\/products\/fisheries\/purse-seine\/"]}]},{"@type":"ImageObject","inLanguage":"en-US","@id":"https:\/\/selstad.no\/en\/products\/fisheries\/purse-seine\/#primaryimage","url":"https:\/\/selstad.no\/wp-content\/uploads\/2021\/11\/Snurpenot2.jpg","contentUrl":"https:\/\/selstad.no\/wp-content\/uploads\/2021\/11\/Snurpenot2.jpg","width":2000,"height":800},{"@type":"BreadcrumbList","@id":"https:\/\/selstad.no\/en\/products\/fisheries\/purse-seine\/#breadcrumb","itemListElement":[{"@type":"ListItem","position":1,"name":"Front page","item":"https:\/\/selstad.no\/en\/"},{"@type":"ListItem","position":2,"name":"Products","item":"https:\/\/selstad.no\/en\/products\/"},{"@type":"ListItem","position":3,"name":"Fisheries","item":"https:\/\/selstad.no\/en\/products\/fisheries\/"},{"@type":"ListItem","position":4,"name":"Purse seine"}]},{"@type":"WebSite","@id":"https:\/\/selstad.no\/en\/#website","url":"https:\/\/selstad.no\/en\/","name":"Selstad","description":"Vi kjenner havet","potentialAction":[{"@type":"SearchAction","target":{"@type":"EntryPoint","urlTemplate":"https:\/\/selstad.no\/en\/?s={search_term_string}"},"query-input":{"@type":"PropertyValueSpecification","valueRequired":true,"valueName":"search_term_string"}}],"inLanguage":"en-US"}]}},"_links":{"self":[{"href":"https:\/\/selstad.no\/en\/wp-json\/wp\/v2\/pages\/7523","targetHints":{"allow":["GET"]}}],"collection":[{"href":"https:\/\/selstad.no\/en\/wp-json\/wp\/v2\/pages"}],"about":[{"href":"https:\/\/selstad.no\/en\/wp-json\/wp\/v2\/types\/page"}],"author":[{"embeddable":true,"href":"https:\/\/selstad.no\/en\/wp-json\/wp\/v2\/users\/2"}],"replies":[{"embeddable":true,"href":"https:\/\/selstad.no\/en\/wp-json\/wp\/v2\/comments?post=7523"}],"version-history":[{"count":0,"href":"https:\/\/selstad.no\/en\/wp-json\/wp\/v2\/pages\/7523\/revisions"}],"up":[{"embeddable":true,"href":"https:\/\/selstad.no\/en\/wp-json\/wp\/v2\/pages\/7519"}],"wp:featuredmedia":[{"embeddable":true,"href":"https:\/\/selstad.no\/en\/wp-json\/wp\/v2\/media\/7106"}],"wp:attachment":[{"href":"https:\/\/selstad.no\/en\/wp-json\/wp\/v2\/media?parent=7523"}],"curies":[{"name":"wp","href":"https:\/\/api.w.org\/{rel}","templated":true}]}}