{"id":7549,"date":"2021-11-25T19:00:02","date_gmt":"2021-11-25T18:00:02","guid":{"rendered":"https:\/\/staging.selstad.snitt.demo1.no\/service\/fisheries\/"},"modified":"2025-05-14T10:24:54","modified_gmt":"2025-05-14T09:24:54","slug":"fisheries","status":"publish","type":"page","link":"https:\/\/selstad.no\/en\/service\/fisheries\/","title":{"rendered":"Fisheries"},"content":{"rendered":"\t\t<div data-elementor-type=\"wp-page\" data-elementor-id=\"7549\" class=\"elementor elementor-7549 elementor-109\" data-elementor-post-type=\"page\">\n\t\t\t\t\t\t<section class=\"elementor-section elementor-top-section elementor-element elementor-element-73f0948 elementor-section-boxed elementor-section-height-default elementor-section-height-default\" data-id=\"73f0948\" data-element_type=\"section\" data-e-type=\"section\" data-settings=\"{&quot;background_background&quot;:&quot;classic&quot;}\">\n\t\t\t\t\t\t<div class=\"elementor-container elementor-column-gap-wider\">\n\t\t\t\t\t<div class=\"elementor-column elementor-col-50 elementor-top-column elementor-element elementor-element-10653131 elementor-invisible\" data-id=\"10653131\" data-element_type=\"column\" data-e-type=\"column\" data-settings=\"{&quot;animation&quot;:&quot;fadeInUp&quot;}\">\n\t\t\t<div class=\"elementor-widget-wrap elementor-element-populated\">\n\t\t\t\t\t\t<div class=\"elementor-element elementor-element-53b87c9c elementor-widget elementor-widget-text-editor\" data-id=\"53b87c9c\" data-element_type=\"widget\" data-e-type=\"widget\" data-widget_type=\"text-editor.default\">\n\t\t\t\t<div class=\"elementor-widget-container\">\n\t\t\t\t\t\t\t\t\t<p>We have great flexibility in our fishery service and are available to the fishing fleet on a 24\/7 basis.<\/p>\n<p>We and our working partners perform services such as repairs and maintenance at multiple locations along the Norwegian coast and internationally.<\/p>\n\t\t\t\t\t\t\t\t<\/div>\n\t\t\t\t<\/div>\n\t\t\t\t\t<\/div>\n\t\t<\/div>\n\t\t\t\t<div class=\"elementor-column elementor-col-50 elementor-top-column elementor-element elementor-element-796e1cd5 elementor-invisible\" data-id=\"796e1cd5\" data-element_type=\"column\" data-e-type=\"column\" data-settings=\"{&quot;animation&quot;:&quot;fadeInUp&quot;}\">\n\t\t\t<div class=\"elementor-widget-wrap elementor-element-populated\">\n\t\t\t\t\t\t<div class=\"elementor-element elementor-element-e19b10e elementor-widget elementor-widget-heading\" data-id=\"e19b10e\" data-element_type=\"widget\" data-e-type=\"widget\" data-widget_type=\"heading.default\">\n\t\t\t\t<div class=\"elementor-widget-container\">\n\t\t\t\t\t<h2 class=\"elementor-heading-title elementor-size-default\">Feel free to contact us for more information<\/h2>\t\t\t\t<\/div>\n\t\t\t\t<\/div>\n\t\t\t\t<div class=\"elementor-element elementor-element-f50becc elementor-widget elementor-widget-toggle\" data-id=\"f50becc\" data-element_type=\"widget\" data-e-type=\"widget\" data-widget_type=\"toggle.default\">\n\t\t\t\t<div class=\"elementor-widget-container\">\n\t\t\t\t\t\t\t<div class=\"elementor-toggle\">\n\t\t\t\t\t\t\t<div class=\"elementor-toggle-item\">\n\t\t\t\t\t<div id=\"elementor-tab-title-2561\" class=\"elementor-tab-title\" data-tab=\"1\" role=\"button\" aria-controls=\"elementor-tab-content-2561\" aria-expanded=\"false\">\n\t\t\t\t\t\t\t\t\t\t\t\t<span class=\"elementor-toggle-icon elementor-toggle-icon-left\" aria-hidden=\"true\">\n\t\t\t\t\t\t\t\t\t\t\t\t\t\t\t<span class=\"elementor-toggle-icon-closed\"><i class=\"fas fa-plus\"><\/i><\/span>\n\t\t\t\t\t\t\t\t<span class=\"elementor-toggle-icon-opened\"><i class=\"elementor-toggle-icon-opened fas fa-minus\"><\/i><\/span>\n\t\t\t\t\t\t\t\t\t\t\t\t\t<\/span>\n\t\t\t\t\t\t\t\t\t\t\t\t<a class=\"elementor-toggle-title\" tabindex=\"0\">Headquarters, M\u00e5l\u00f8y<\/a>\n\t\t\t\t\t<\/div>\n\n\t\t\t\t\t<div id=\"elementor-tab-content-2561\" class=\"elementor-tab-content elementor-clearfix\" data-tab=\"1\" role=\"region\" aria-labelledby=\"elementor-tab-title-2561\"><p>\u00d8yna 39<br \/>6701 M\u00e5l\u00f8y<br \/>Central switchboard: +47 57 85 25 00<br \/>E-mail: <a href=\"mailto:selstad@selstad.no\">selstad@selstad.no<\/a><\/p><\/div>\n\t\t\t\t<\/div>\n\t\t\t\t\t\t\t<div class=\"elementor-toggle-item\">\n\t\t\t\t\t<div id=\"elementor-tab-title-2562\" class=\"elementor-tab-title\" data-tab=\"2\" role=\"button\" aria-controls=\"elementor-tab-content-2562\" aria-expanded=\"false\">\n\t\t\t\t\t\t\t\t\t\t\t\t<span class=\"elementor-toggle-icon elementor-toggle-icon-left\" aria-hidden=\"true\">\n\t\t\t\t\t\t\t\t\t\t\t\t\t\t\t<span class=\"elementor-toggle-icon-closed\"><i class=\"fas fa-plus\"><\/i><\/span>\n\t\t\t\t\t\t\t\t<span class=\"elementor-toggle-icon-opened\"><i class=\"elementor-toggle-icon-opened fas fa-minus\"><\/i><\/span>\n\t\t\t\t\t\t\t\t\t\t\t\t\t<\/span>\n\t\t\t\t\t\t\t\t\t\t\t\t<a class=\"elementor-toggle-title\" tabindex=\"0\">Lofoten<\/a>\n\t\t\t\t\t<\/div>\n\n\t\t\t\t\t<div id=\"elementor-tab-content-2562\" class=\"elementor-tab-content elementor-clearfix\" data-tab=\"2\" role=\"region\" aria-labelledby=\"elementor-tab-title-2562\"><p>Gunnar Bergsvei 24<br \/>8300 Svolv\u00e6r<\/p><p><strong>Central switchboard Gill nets, Line and Juksa:<br \/><\/strong>+47 76 06 89 80<\/p><p><strong>Central switchboard Fisheries and Aquaculture:<\/strong> <br \/>+47 76 07 14 99<\/p><p>E-mail: <a href=\"mailto:selstad@selstad.no\">selstad@selstad.no<\/a><\/p><\/div>\n\t\t\t\t<\/div>\n\t\t\t\t\t\t\t<div class=\"elementor-toggle-item\">\n\t\t\t\t\t<div id=\"elementor-tab-title-2563\" class=\"elementor-tab-title\" data-tab=\"3\" role=\"button\" aria-controls=\"elementor-tab-content-2563\" aria-expanded=\"false\">\n\t\t\t\t\t\t\t\t\t\t\t\t<span class=\"elementor-toggle-icon elementor-toggle-icon-left\" aria-hidden=\"true\">\n\t\t\t\t\t\t\t\t\t\t\t\t\t\t\t<span class=\"elementor-toggle-icon-closed\"><i class=\"fas fa-plus\"><\/i><\/span>\n\t\t\t\t\t\t\t\t<span class=\"elementor-toggle-icon-opened\"><i class=\"elementor-toggle-icon-opened fas fa-minus\"><\/i><\/span>\n\t\t\t\t\t\t\t\t\t\t\t\t\t<\/span>\n\t\t\t\t\t\t\t\t\t\t\t\t<a class=\"elementor-toggle-title\" tabindex=\"0\">\u00c5lesund <\/a>\n\t\t\t\t\t<\/div>\n\n\t\t\t\t\t<div id=\"elementor-tab-content-2563\" class=\"elementor-tab-content elementor-clearfix\" data-tab=\"3\" role=\"region\" aria-labelledby=\"elementor-tab-title-2563\"><p>Kj\u00f8pmannsgata 39<br \/>6005 \u00c5lesund<\/p><p>Central switchboard: +47 70 11 85 80<br \/>E-mail: <a href=\"mailto:selstad@selstad.no\">selstad@selstad.no<\/a><\/p><\/div>\n\t\t\t\t<\/div>\n\t\t\t\t\t\t\t<div class=\"elementor-toggle-item\">\n\t\t\t\t\t<div id=\"elementor-tab-title-2564\" class=\"elementor-tab-title\" data-tab=\"4\" role=\"button\" aria-controls=\"elementor-tab-content-2564\" aria-expanded=\"false\">\n\t\t\t\t\t\t\t\t\t\t\t\t<span class=\"elementor-toggle-icon elementor-toggle-icon-left\" aria-hidden=\"true\">\n\t\t\t\t\t\t\t\t\t\t\t\t\t\t\t<span class=\"elementor-toggle-icon-closed\"><i class=\"fas fa-plus\"><\/i><\/span>\n\t\t\t\t\t\t\t\t<span class=\"elementor-toggle-icon-opened\"><i class=\"elementor-toggle-icon-opened fas fa-minus\"><\/i><\/span>\n\t\t\t\t\t\t\t\t\t\t\t\t\t<\/span>\n\t\t\t\t\t\t\t\t\t\t\t\t<a class=\"elementor-toggle-title\" tabindex=\"0\">Troms\u00f8<\/a>\n\t\t\t\t\t<\/div>\n\n\t\t\t\t\t<div id=\"elementor-tab-content-2564\" class=\"elementor-tab-content elementor-clearfix\" data-tab=\"4\" role=\"region\" aria-labelledby=\"elementor-tab-title-2564\"><p>Hansjordnesgata 9<br \/>9009 Troms\u00f8<\/p><p>Central switchboard: +47 77 60 22 00<br \/>E-mail: <a href=\"mailto:selstad@selstad.no\">selstad@selstad.no<\/a><\/p><\/div>\n\t\t\t\t<\/div>\n\t\t\t\t\t\t\t<div class=\"elementor-toggle-item\">\n\t\t\t\t\t<div id=\"elementor-tab-title-2565\" class=\"elementor-tab-title\" data-tab=\"5\" role=\"button\" aria-controls=\"elementor-tab-content-2565\" aria-expanded=\"false\">\n\t\t\t\t\t\t\t\t\t\t\t\t<span class=\"elementor-toggle-icon elementor-toggle-icon-left\" aria-hidden=\"true\">\n\t\t\t\t\t\t\t\t\t\t\t\t\t\t\t<span class=\"elementor-toggle-icon-closed\"><i class=\"fas fa-plus\"><\/i><\/span>\n\t\t\t\t\t\t\t\t<span class=\"elementor-toggle-icon-opened\"><i class=\"elementor-toggle-icon-opened fas fa-minus\"><\/i><\/span>\n\t\t\t\t\t\t\t\t\t\t\t\t\t<\/span>\n\t\t\t\t\t\t\t\t\t\t\t\t<a class=\"elementor-toggle-title\" tabindex=\"0\">Sotra<\/a>\n\t\t\t\t\t<\/div>\n\n\t\t\t\t\t<div id=\"elementor-tab-content-2565\" class=\"elementor-tab-content elementor-clearfix\" data-tab=\"5\" role=\"region\" aria-labelledby=\"elementor-tab-title-2565\"><p>Valavegen 99<br \/>5355 Knarrevik<\/p><p>Central switchboard: +47 77 60 22 00<br \/>E-mail: <a href=\"mailto:sotra@selstad.no\">sotra@selstad.no<\/a><\/p><\/div>\n\t\t\t\t<\/div>\n\t\t\t\t\t\t\t<div class=\"elementor-toggle-item\">\n\t\t\t\t\t<div id=\"elementor-tab-title-2566\" class=\"elementor-tab-title\" data-tab=\"6\" role=\"button\" aria-controls=\"elementor-tab-content-2566\" aria-expanded=\"false\">\n\t\t\t\t\t\t\t\t\t\t\t\t<span class=\"elementor-toggle-icon elementor-toggle-icon-left\" aria-hidden=\"true\">\n\t\t\t\t\t\t\t\t\t\t\t\t\t\t\t<span class=\"elementor-toggle-icon-closed\"><i class=\"fas fa-plus\"><\/i><\/span>\n\t\t\t\t\t\t\t\t<span class=\"elementor-toggle-icon-opened\"><i class=\"elementor-toggle-icon-opened fas fa-minus\"><\/i><\/span>\n\t\t\t\t\t\t\t\t\t\t\t\t\t<\/span>\n\t\t\t\t\t\t\t\t\t\t\t\t<a class=\"elementor-toggle-title\" tabindex=\"0\">S\u00f8rreisa<\/a>\n\t\t\t\t\t<\/div>\n\n\t\t\t\t\t<div id=\"elementor-tab-content-2566\" class=\"elementor-tab-content elementor-clearfix\" data-tab=\"6\" role=\"region\" aria-labelledby=\"elementor-tab-title-2566\"><p>\u00d8yjordnesveien 79<br \/>9310 S\u00f8rreisa<\/p><p>Central switchboard: +47 919 18 770<br \/>E-mail: <a href=\"mailto:selstad@selstad.no\">selstad@selstad.no<\/a><\/p><\/div>\n\t\t\t\t<\/div>\n\t\t\t\t\t\t\t<div class=\"elementor-toggle-item\">\n\t\t\t\t\t<div id=\"elementor-tab-title-2567\" class=\"elementor-tab-title\" data-tab=\"7\" role=\"button\" aria-controls=\"elementor-tab-content-2567\" aria-expanded=\"false\">\n\t\t\t\t\t\t\t\t\t\t\t\t<span class=\"elementor-toggle-icon elementor-toggle-icon-left\" aria-hidden=\"true\">\n\t\t\t\t\t\t\t\t\t\t\t\t\t\t\t<span class=\"elementor-toggle-icon-closed\"><i class=\"fas fa-plus\"><\/i><\/span>\n\t\t\t\t\t\t\t\t<span class=\"elementor-toggle-icon-opened\"><i class=\"elementor-toggle-icon-opened fas fa-minus\"><\/i><\/span>\n\t\t\t\t\t\t\t\t\t\t\t\t\t<\/span>\n\t\t\t\t\t\t\t\t\t\t\t\t<a class=\"elementor-toggle-title\" tabindex=\"0\">Seattle<\/a>\n\t\t\t\t\t<\/div>\n\n\t\t\t\t\t<div id=\"elementor-tab-content-2567\" class=\"elementor-tab-content elementor-clearfix\" data-tab=\"7\" role=\"region\" aria-labelledby=\"elementor-tab-title-2567\"><\/div>\n\t\t\t\t<\/div>\n\t\t\t\t\t\t\t\t\t\t<script type=\"application\/ld+json\">{\"@context\":\"https:\\\/\\\/schema.org\",\"@type\":\"FAQPage\",\"mainEntity\":[{\"@type\":\"Question\",\"name\":\"Headquarters, M\\u00e5l\\u00f8y\",\"acceptedAnswer\":{\"@type\":\"Answer\",\"text\":\"<p>\\u00d8yna 39<br \\\/>6701 M\\u00e5l\\u00f8y<br \\\/>Central switchboard: +47 57 85 25 00<br \\\/>E-mail: <a href=\\\"mailto:selstad@selstad.no\\\">selstad@selstad.no<\\\/a><\\\/p>\"}},{\"@type\":\"Question\",\"name\":\"Lofoten\",\"acceptedAnswer\":{\"@type\":\"Answer\",\"text\":\"<p>Gunnar Bergsvei 24<br \\\/>8300 Svolv\\u00e6r<\\\/p><p><strong>Central switchboard Gill nets, Line and Juksa:<br \\\/><\\\/strong>+47 76 06 89 80<\\\/p><p><strong>Central switchboard Fisheries and Aquaculture:<\\\/strong> <br \\\/>+47 76 07 14 99<\\\/p><p>E-mail: <a href=\\\"mailto:selstad@selstad.no\\\">selstad@selstad.no<\\\/a><\\\/p>\"}},{\"@type\":\"Question\",\"name\":\"\\u00c5lesund\",\"acceptedAnswer\":{\"@type\":\"Answer\",\"text\":\"<p>Kj\\u00f8pmannsgata 39<br \\\/>6005 \\u00c5lesund<\\\/p><p>Central switchboard: +47 70 11 85 80<br \\\/>E-mail: <a href=\\\"mailto:selstad@selstad.no\\\">selstad@selstad.no<\\\/a><\\\/p>\"}},{\"@type\":\"Question\",\"name\":\"Troms\\u00f8\",\"acceptedAnswer\":{\"@type\":\"Answer\",\"text\":\"<p>Hansjordnesgata 9<br \\\/>9009 Troms\\u00f8<\\\/p><p>Central switchboard: +47 77 60 22 00<br \\\/>E-mail: <a href=\\\"mailto:selstad@selstad.no\\\">selstad@selstad.no<\\\/a><\\\/p>\"}},{\"@type\":\"Question\",\"name\":\"Sotra\",\"acceptedAnswer\":{\"@type\":\"Answer\",\"text\":\"<p>Valavegen 99<br \\\/>5355 Knarrevik<\\\/p><p>Central switchboard: +47 77 60 22 00<br \\\/>E-mail: <a href=\\\"mailto:sotra@selstad.no\\\">sotra@selstad.no<\\\/a><\\\/p>\"}},{\"@type\":\"Question\",\"name\":\"S\\u00f8rreisa\",\"acceptedAnswer\":{\"@type\":\"Answer\",\"text\":\"<p>\\u00d8yjordnesveien 79<br \\\/>9310 S\\u00f8rreisa<\\\/p><p>Central switchboard: +47 919 18 770<br \\\/>E-mail: <a href=\\\"mailto:selstad@selstad.no\\\">selstad@selstad.no<\\\/a><\\\/p>\"}},{\"@type\":\"Question\",\"name\":\"Seattle\",\"acceptedAnswer\":{\"@type\":\"Answer\",\"text\":\"\"}}]}<\/script>\n\t\t\t\t\t<\/div>\n\t\t\t\t\t\t<\/div>\n\t\t\t\t<\/div>\n\t\t\t\t\t<\/div>\n\t\t<\/div>\n\t\t\t\t\t<\/div>\n\t\t<\/section>\n\t\t\t\t<\/div>\n\t\t","protected":false},"excerpt":{"rendered":"<p>We have great flexibility in our fishery service and are available to the fishing fleet on a 24\/7 basis. We and our working partners perform services such as repairs and maintenance at multiple locations along the Norwegian coast and internationally. Feel free to contact us for more information Headquarters, M\u00e5l\u00f8y \u00d8yna 396701 M\u00e5l\u00f8yCentral switchboard: +47 [&hellip;]<\/p>\n","protected":false},"author":2,"featured_media":7040,"parent":7545,"menu_order":0,"comment_status":"closed","ping_status":"closed","template":"","meta":{"footnotes":""},"class_list":["post-7549","page","type-page","status-publish","has-post-thumbnail","hentry"],"yoast_head":"<!-- This site is optimized with the Yoast SEO plugin v27.3 - https:\/\/yoast.com\/product\/yoast-seo-wordpress\/ -->\n<title>Fisheries - Selstad<\/title>\n<meta name=\"robots\" content=\"index, follow, max-snippet:-1, max-image-preview:large, max-video-preview:-1\" \/>\n<link rel=\"canonical\" href=\"https:\/\/selstad.no\/en\/service\/fisheries\/\" \/>\n<meta property=\"og:locale\" content=\"en_US\" \/>\n<meta property=\"og:type\" content=\"article\" \/>\n<meta property=\"og:title\" content=\"Fisheries - Selstad\" \/>\n<meta property=\"og:description\" content=\"We have great flexibility in our fishery service and are available to the fishing fleet on a 24\/7 basis. We and our working partners perform services such as repairs and maintenance at multiple locations along the Norwegian coast and internationally. Feel free to contact us for more information Headquarters, M\u00e5l\u00f8y \u00d8yna 396701 M\u00e5l\u00f8yCentral switchboard: +47 [&hellip;]\" \/>\n<meta property=\"og:url\" content=\"https:\/\/selstad.no\/en\/service\/fisheries\/\" \/>\n<meta property=\"og:site_name\" content=\"Selstad\" \/>\n<meta property=\"article:modified_time\" content=\"2025-05-14T09:24:54+00:00\" \/>\n<meta property=\"og:image\" content=\"https:\/\/selstad.no\/wp-content\/uploads\/2021\/11\/Service_fiskeri.jpg\" \/>\n\t<meta property=\"og:image:width\" content=\"2000\" \/>\n\t<meta property=\"og:image:height\" content=\"800\" \/>\n\t<meta property=\"og:image:type\" content=\"image\/jpeg\" \/>\n<meta name=\"twitter:card\" content=\"summary_large_image\" \/>\n<meta name=\"twitter:label1\" content=\"Est. reading time\" \/>\n\t<meta name=\"twitter:data1\" content=\"1 minute\" \/>\n<script type=\"application\/ld+json\" class=\"yoast-schema-graph\">{\"@context\":\"https:\\\/\\\/schema.org\",\"@graph\":[{\"@type\":\"WebPage\",\"@id\":\"https:\\\/\\\/selstad.no\\\/en\\\/service\\\/fisheries\\\/\",\"url\":\"https:\\\/\\\/selstad.no\\\/en\\\/service\\\/fisheries\\\/\",\"name\":\"Fisheries - Selstad\",\"isPartOf\":{\"@id\":\"https:\\\/\\\/selstad.no\\\/en\\\/#website\"},\"primaryImageOfPage\":{\"@id\":\"https:\\\/\\\/selstad.no\\\/en\\\/service\\\/fisheries\\\/#primaryimage\"},\"image\":{\"@id\":\"https:\\\/\\\/selstad.no\\\/en\\\/service\\\/fisheries\\\/#primaryimage\"},\"thumbnailUrl\":\"https:\\\/\\\/selstad.no\\\/wp-content\\\/uploads\\\/2021\\\/11\\\/Service_fiskeri.jpg\",\"datePublished\":\"2021-11-25T18:00:02+00:00\",\"dateModified\":\"2025-05-14T09:24:54+00:00\",\"breadcrumb\":{\"@id\":\"https:\\\/\\\/selstad.no\\\/en\\\/service\\\/fisheries\\\/#breadcrumb\"},\"inLanguage\":\"en-US\",\"potentialAction\":[{\"@type\":\"ReadAction\",\"target\":[\"https:\\\/\\\/selstad.no\\\/en\\\/service\\\/fisheries\\\/\"]}]},{\"@type\":\"ImageObject\",\"inLanguage\":\"en-US\",\"@id\":\"https:\\\/\\\/selstad.no\\\/en\\\/service\\\/fisheries\\\/#primaryimage\",\"url\":\"https:\\\/\\\/selstad.no\\\/wp-content\\\/uploads\\\/2021\\\/11\\\/Service_fiskeri.jpg\",\"contentUrl\":\"https:\\\/\\\/selstad.no\\\/wp-content\\\/uploads\\\/2021\\\/11\\\/Service_fiskeri.jpg\",\"width\":2000,\"height\":800},{\"@type\":\"BreadcrumbList\",\"@id\":\"https:\\\/\\\/selstad.no\\\/en\\\/service\\\/fisheries\\\/#breadcrumb\",\"itemListElement\":[{\"@type\":\"ListItem\",\"position\":1,\"name\":\"Front page\",\"item\":\"https:\\\/\\\/selstad.no\\\/en\\\/\"},{\"@type\":\"ListItem\",\"position\":2,\"name\":\"Service\",\"item\":\"https:\\\/\\\/selstad.no\\\/en\\\/service\\\/\"},{\"@type\":\"ListItem\",\"position\":3,\"name\":\"Fisheries\"}]},{\"@type\":\"WebSite\",\"@id\":\"https:\\\/\\\/selstad.no\\\/en\\\/#website\",\"url\":\"https:\\\/\\\/selstad.no\\\/en\\\/\",\"name\":\"Selstad\",\"description\":\"Vi kjenner havet\",\"potentialAction\":[{\"@type\":\"SearchAction\",\"target\":{\"@type\":\"EntryPoint\",\"urlTemplate\":\"https:\\\/\\\/selstad.no\\\/en\\\/?s={search_term_string}\"},\"query-input\":{\"@type\":\"PropertyValueSpecification\",\"valueRequired\":true,\"valueName\":\"search_term_string\"}}],\"inLanguage\":\"en-US\"}]}<\/script>\n<!-- \/ Yoast SEO plugin. -->","yoast_head_json":{"title":"Fisheries - Selstad","robots":{"index":"index","follow":"follow","max-snippet":"max-snippet:-1","max-image-preview":"max-image-preview:large","max-video-preview":"max-video-preview:-1"},"canonical":"https:\/\/selstad.no\/en\/service\/fisheries\/","og_locale":"en_US","og_type":"article","og_title":"Fisheries - Selstad","og_description":"We have great flexibility in our fishery service and are available to the fishing fleet on a 24\/7 basis. We and our working partners perform services such as repairs and maintenance at multiple locations along the Norwegian coast and internationally. Feel free to contact us for more information Headquarters, M\u00e5l\u00f8y \u00d8yna 396701 M\u00e5l\u00f8yCentral switchboard: +47 [&hellip;]","og_url":"https:\/\/selstad.no\/en\/service\/fisheries\/","og_site_name":"Selstad","article_modified_time":"2025-05-14T09:24:54+00:00","og_image":[{"width":2000,"height":800,"url":"https:\/\/selstad.no\/wp-content\/uploads\/2021\/11\/Service_fiskeri.jpg","type":"image\/jpeg"}],"twitter_card":"summary_large_image","twitter_misc":{"Est. reading time":"1 minute"},"schema":{"@context":"https:\/\/schema.org","@graph":[{"@type":"WebPage","@id":"https:\/\/selstad.no\/en\/service\/fisheries\/","url":"https:\/\/selstad.no\/en\/service\/fisheries\/","name":"Fisheries - Selstad","isPartOf":{"@id":"https:\/\/selstad.no\/en\/#website"},"primaryImageOfPage":{"@id":"https:\/\/selstad.no\/en\/service\/fisheries\/#primaryimage"},"image":{"@id":"https:\/\/selstad.no\/en\/service\/fisheries\/#primaryimage"},"thumbnailUrl":"https:\/\/selstad.no\/wp-content\/uploads\/2021\/11\/Service_fiskeri.jpg","datePublished":"2021-11-25T18:00:02+00:00","dateModified":"2025-05-14T09:24:54+00:00","breadcrumb":{"@id":"https:\/\/selstad.no\/en\/service\/fisheries\/#breadcrumb"},"inLanguage":"en-US","potentialAction":[{"@type":"ReadAction","target":["https:\/\/selstad.no\/en\/service\/fisheries\/"]}]},{"@type":"ImageObject","inLanguage":"en-US","@id":"https:\/\/selstad.no\/en\/service\/fisheries\/#primaryimage","url":"https:\/\/selstad.no\/wp-content\/uploads\/2021\/11\/Service_fiskeri.jpg","contentUrl":"https:\/\/selstad.no\/wp-content\/uploads\/2021\/11\/Service_fiskeri.jpg","width":2000,"height":800},{"@type":"BreadcrumbList","@id":"https:\/\/selstad.no\/en\/service\/fisheries\/#breadcrumb","itemListElement":[{"@type":"ListItem","position":1,"name":"Front page","item":"https:\/\/selstad.no\/en\/"},{"@type":"ListItem","position":2,"name":"Service","item":"https:\/\/selstad.no\/en\/service\/"},{"@type":"ListItem","position":3,"name":"Fisheries"}]},{"@type":"WebSite","@id":"https:\/\/selstad.no\/en\/#website","url":"https:\/\/selstad.no\/en\/","name":"Selstad","description":"Vi kjenner havet","potentialAction":[{"@type":"SearchAction","target":{"@type":"EntryPoint","urlTemplate":"https:\/\/selstad.no\/en\/?s={search_term_string}"},"query-input":{"@type":"PropertyValueSpecification","valueRequired":true,"valueName":"search_term_string"}}],"inLanguage":"en-US"}]}},"_links":{"self":[{"href":"https:\/\/selstad.no\/en\/wp-json\/wp\/v2\/pages\/7549","targetHints":{"allow":["GET"]}}],"collection":[{"href":"https:\/\/selstad.no\/en\/wp-json\/wp\/v2\/pages"}],"about":[{"href":"https:\/\/selstad.no\/en\/wp-json\/wp\/v2\/types\/page"}],"author":[{"embeddable":true,"href":"https:\/\/selstad.no\/en\/wp-json\/wp\/v2\/users\/2"}],"replies":[{"embeddable":true,"href":"https:\/\/selstad.no\/en\/wp-json\/wp\/v2\/comments?post=7549"}],"version-history":[{"count":0,"href":"https:\/\/selstad.no\/en\/wp-json\/wp\/v2\/pages\/7549\/revisions"}],"up":[{"embeddable":true,"href":"https:\/\/selstad.no\/en\/wp-json\/wp\/v2\/pages\/7545"}],"wp:featuredmedia":[{"embeddable":true,"href":"https:\/\/selstad.no\/en\/wp-json\/wp\/v2\/media\/7040"}],"wp:attachment":[{"href":"https:\/\/selstad.no\/en\/wp-json\/wp\/v2\/media?parent=7549"}],"curies":[{"name":"wp","href":"https:\/\/api.w.org\/{rel}","templated":true}]}}